{"id":2370,"date":"2025-01-24T23:15:18","date_gmt":"2025-01-24T22:15:18","guid":{"rendered":"https:\/\/demline.pl\/?page_id=2370"},"modified":"2025-08-06T23:56:35","modified_gmt":"2025-08-06T21:56:35","slug":"witryny-internetowe","status":"publish","type":"page","link":"https:\/\/demline.com.pl\/?page_id=2370","title":{"rendered":"Witryny internetowe"},"content":{"rendered":"\t\t<div data-elementor-type=\"wp-page\" data-elementor-id=\"2370\" class=\"elementor elementor-2370\">\n\t\t\t\t<div class=\"elementor-element elementor-element-d55c8f3 e-flex e-con-boxed e-con e-parent\" data-id=\"d55c8f3\" data-element_type=\"container\">\n\t\t\t\t\t<div class=\"e-con-inner\">\n\t\t\t\t<div class=\"elementor-element elementor-element-1093381 elementor-widget elementor-widget-spacer\" data-id=\"1093381\" data-element_type=\"widget\" data-widget_type=\"spacer.default\">\n\t\t\t\t<div class=\"elementor-widget-container\">\n\t\t\t\t\t\t\t<div class=\"elementor-spacer\">\n\t\t\t<div class=\"elementor-spacer-inner\"><\/div>\n\t\t<\/div>\n\t\t\t\t\t\t<\/div>\n\t\t\t\t<\/div>\n\t\t\t\t\t<\/div>\n\t\t\t\t<\/div>\n\t\t<div class=\"elementor-element elementor-element-dfbd19c e-flex e-con-boxed e-con e-parent\" data-id=\"dfbd19c\" data-element_type=\"container\">\n\t\t\t\t\t<div class=\"e-con-inner\">\n\t\t\t\t<div class=\"elementor-element elementor-element-27707f4 elementor-widget elementor-widget-heading\" data-id=\"27707f4\" data-element_type=\"widget\" data-widget_type=\"heading.default\">\n\t\t\t\t<div class=\"elementor-widget-container\">\n\t\t\t\t\t<h2 class=\"elementor-heading-title elementor-size-default\">Jak wygl\u0105da realizacja?<\/h2>\t\t\t\t<\/div>\n\t\t\t\t<\/div>\n\t\t\t\t<div class=\"elementor-element elementor-element-86abfaa elementor-widget elementor-widget-text-editor\" data-id=\"86abfaa\" data-element_type=\"widget\" data-widget_type=\"text-editor.default\">\n\t\t\t\t<div class=\"elementor-widget-container\">\n\t\t\t\t\t\t\t\t\t<h3 data-start=\"521\" data-end=\"561\">1. <strong data-start=\"528\" data-end=\"559\">Konsultacja i przygotowanie<\/strong><\/h3>\n<ul data-start=\"562\" data-end=\"790\">\n<li data-start=\"562\" data-end=\"658\">\n<p data-start=\"564\" data-end=\"658\">Rozmowa telefoniczna lub online: cele biznesowe, odbiorcy, funkcjonalno\u015bci, preferowany styl<\/p>\n<\/li>\n<li data-start=\"659\" data-end=\"719\">\n<p data-start=\"661\" data-end=\"719\">Analiza konkurencji i propozycja najlepszego rozwi\u0105zania<\/p>\n<\/li>\n<li data-start=\"720\" data-end=\"790\">\n<p data-start=\"722\" data-end=\"790\">Przygotowanie oferty: termin, koszt, zakres prac<\/p>\n<\/li>\n<\/ul>\n<h3 data-start=\"792\" data-end=\"844\">2. <strong data-start=\"799\" data-end=\"842\">Formalno\u015bci i zabezpieczenie wsp\u00f3\u0142pracy<\/strong><\/h3>\n<ul data-start=\"845\" data-end=\"1044\">\n<li data-start=\"845\" data-end=\"950\">\n<p data-start=\"847\" data-end=\"950\">Wyb\u00f3r jednej z opcji: zaliczka&nbsp;<strong data-start=\"897\" data-end=\"904\">lub<\/strong> podpisanie mini-umowy przez platform\u0119 Useme<\/p>\n<\/li>\n<li data-start=\"951\" data-end=\"1044\">\n<p data-start=\"953\" data-end=\"1044\">Jasne okre\u015blenie czasu realizacji i zakresu dodatk\u00f3w (grafika, integracje)<\/p>\n<\/li>\n<\/ul>\n<h3 data-start=\"1046\" data-end=\"1083\">3. <strong data-start=\"1053\" data-end=\"1081\">Warsztat wsp\u00f3lny (brief)<\/strong><\/h3>\n<ul data-start=\"1084\" data-end=\"1272\">\n<li data-start=\"1084\" data-end=\"1153\">\n<p data-start=\"1086\" data-end=\"1153\">Zebranie materia\u0142\u00f3w od klienta: teksty, zdj\u0119cia, logo, inspiracje<\/p>\n<\/li>\n<li data-start=\"1154\" data-end=\"1210\">\n<p data-start=\"1156\" data-end=\"1210\">Okre\u015blenie kolorystyki, czcionek i stylu graficznego<\/p>\n<\/li>\n<li data-start=\"1211\" data-end=\"1272\">\n<p data-start=\"1213\" data-end=\"1272\">Ustalenie, kto odpowiada za dostarczenie tre\u015bci<\/p>\n<\/li>\n<\/ul>\n<h3 data-start=\"1493\" data-end=\"1526\">4. <strong data-start=\"1500\" data-end=\"1524\">Wdro\u017cenie techniczne<\/strong><\/h3>\n<ul data-start=\"1527\" data-end=\"1689\">\n<li data-start=\"1527\" data-end=\"1611\">\n<p data-start=\"1529\" data-end=\"1611\">Budowa strony (zwykle na WordPress) rozpoczynaj\u0105c od roz\u0142o\u017cenia tre\u015bci i stworzenia zarysu ca\u0142ej strony<\/p>\n<\/li>\n<\/ul>\n<h3 data-start=\"1691\" data-end=\"1730\">5. <strong data-start=\"1698\" data-end=\"1728\">Etap poprawek i testowanie<\/strong><\/h3>\n<ul data-start=\"1731\" data-end=\"1872\">\n<li data-start=\"1731\" data-end=\"1769\">\n<p data-start=\"1733\" data-end=\"1769\">Prezentacja wst\u0119pnej wersji strony<\/p>\n<\/li>\n<li data-start=\"1770\" data-end=\"1819\">\n<p data-start=\"1772\" data-end=\"1819\">Mo\u017cliwo\u015b\u0107 zg\u0142aszania poprawek<\/p>\n<\/li>\n<li data-start=\"1820\" data-end=\"1872\">\n<p data-start=\"1822\" data-end=\"1872\">Testy UX, responsywno\u015bci, przegl\u0105darek, formularzy<\/p>\n<\/li>\n<\/ul>\n<h3 data-start=\"1874\" data-end=\"1908\">6. <strong data-start=\"1881\" data-end=\"1906\">Wdro\u017cenie i szkolenie<\/strong><\/h3>\n<ul data-start=\"1909\" data-end=\"2064\">\n<li data-start=\"1909\" data-end=\"1950\">\n<p data-start=\"1911\" data-end=\"1950\">Publikacja strony na serwerze klienta<\/p>\n<\/li>\n<li data-start=\"1951\" data-end=\"2008\">\n<p data-start=\"1953\" data-end=\"2008\">Ko\u0144cowa weryfikacja dzia\u0142ania, certyfikat SSL, backup<\/p>\n<\/li>\n<li data-start=\"2009\" data-end=\"2064\">\n<p data-start=\"2011\" data-end=\"2064\">Szkolenie klienta (panel admina, zarz\u0105dzanie tre\u015bci\u0105)<\/p>\n<\/li>\n<\/ul>\n<h3 data-start=\"2066\" data-end=\"2111\">7. <strong data-start=\"2073\" data-end=\"2109\">Wsparcie i rozw\u00f3j (opcja opieki)<\/strong><\/h3>\n<ul data-start=\"2112\" data-end=\"2296\">\n<li data-start=\"2112\" data-end=\"2221\">\n<p data-start=\"2114\" data-end=\"2221\">Mo\u017cliwo\u015b\u0107 wykupienia pakietu opieki (np. 99\u202fz\u0142\/miesi\u0105c): aktualizacje, drobne zmiany, wsparcie techniczne<\/p>\n<\/li>\n<li data-start=\"2222\" data-end=\"2296\">\n<p data-start=\"2224\" data-end=\"2296\">Rozbudowa strony: dodawanie funkcji, integracje marketingowe, e-commerce<\/p>\n<\/li>\n<\/ul>\t\t\t\t\t\t\t\t<\/div>\n\t\t\t\t<\/div>\n\t\t\t\t\t<\/div>\n\t\t\t\t<\/div>\n\t\t\t\t<\/div>\n\t\t","protected":false},"excerpt":{"rendered":"<p>Jak wygl\u0105da realizacja? 1. Konsultacja i przygotowanie Rozmowa telefoniczna lub online: cele biznesowe, odbiorcy, funkcjonalno\u015bci, preferowany styl Analiza konkurencji i propozycja najlepszego rozwi\u0105zania Przygotowanie oferty: termin, koszt, zakres prac 2. Formalno\u015bci i zabezpieczenie wsp\u00f3\u0142pracy Wyb\u00f3r jednej z opcji: zaliczka&nbsp;lub podpisanie mini-umowy przez platform\u0119 Useme Jasne okre\u015blenie czasu realizacji i zakresu dodatk\u00f3w (grafika, integracje) 3. Warsztat&#8230;<\/p>\n","protected":false},"author":1,"featured_media":0,"parent":0,"menu_order":0,"comment_status":"closed","ping_status":"closed","template":"","meta":{"_kadence_starter_templates_imported_post":false,"_kad_post_transparent":"","_kad_post_title":"hide","_kad_post_layout":"fullwidth","_kad_post_sidebar_id":"","_kad_post_content_style":"unboxed","_kad_post_vertical_padding":"hide","_kad_post_feature":"hide","_kad_post_feature_position":"","_kad_post_header":false,"_kad_post_footer":false,"footnotes":""},"class_list":["post-2370","page","type-page","status-publish","hentry"],"_links":{"self":[{"href":"https:\/\/demline.com.pl\/index.php?rest_route=\/wp\/v2\/pages\/2370","targetHints":{"allow":["GET"]}}],"collection":[{"href":"https:\/\/demline.com.pl\/index.php?rest_route=\/wp\/v2\/pages"}],"about":[{"href":"https:\/\/demline.com.pl\/index.php?rest_route=\/wp\/v2\/types\/page"}],"author":[{"embeddable":true,"href":"https:\/\/demline.com.pl\/index.php?rest_route=\/wp\/v2\/users\/1"}],"replies":[{"embeddable":true,"href":"https:\/\/demline.com.pl\/index.php?rest_route=%2Fwp%2Fv2%2Fcomments&post=2370"}],"version-history":[{"count":40,"href":"https:\/\/demline.com.pl\/index.php?rest_route=\/wp\/v2\/pages\/2370\/revisions"}],"predecessor-version":[{"id":2944,"href":"https:\/\/demline.com.pl\/index.php?rest_route=\/wp\/v2\/pages\/2370\/revisions\/2944"}],"wp:attachment":[{"href":"https:\/\/demline.com.pl\/index.php?rest_route=%2Fwp%2Fv2%2Fmedia&parent=2370"}],"curies":[{"name":"wp","href":"https:\/\/api.w.org\/{rel}","templated":true}]}}