{"id":2365,"date":"2025-01-24T23:14:53","date_gmt":"2025-01-24T22:14:53","guid":{"rendered":"https:\/\/demline.pl\/?page_id=2365"},"modified":"2025-08-07T00:01:44","modified_gmt":"2025-08-06T22:01:44","slug":"grafiki-i-projekty-2","status":"publish","type":"page","link":"https:\/\/demline.com.pl\/?page_id=2365","title":{"rendered":"Grafiki i projekty"},"content":{"rendered":"\t\t<div data-elementor-type=\"wp-page\" data-elementor-id=\"2365\" class=\"elementor elementor-2365\">\n\t\t\t\t<div class=\"elementor-element elementor-element-0bbdbe7 e-flex e-con-boxed e-con e-parent\" data-id=\"0bbdbe7\" data-element_type=\"container\">\n\t\t\t\t\t<div class=\"e-con-inner\">\n\t\t\t\t<div class=\"elementor-element elementor-element-4b73591 elementor-widget elementor-widget-spacer\" data-id=\"4b73591\" data-element_type=\"widget\" data-widget_type=\"spacer.default\">\n\t\t\t\t<div class=\"elementor-widget-container\">\n\t\t\t\t\t\t\t<div class=\"elementor-spacer\">\n\t\t\t<div class=\"elementor-spacer-inner\"><\/div>\n\t\t<\/div>\n\t\t\t\t\t\t<\/div>\n\t\t\t\t<\/div>\n\t\t\t\t<div class=\"elementor-element elementor-element-b2ea5d3 elementor-widget elementor-widget-heading\" data-id=\"b2ea5d3\" data-element_type=\"widget\" data-widget_type=\"heading.default\">\n\t\t\t\t<div class=\"elementor-widget-container\">\n\t\t\t\t\t<h2 class=\"elementor-heading-title elementor-size-default\">Etapy realizacji projektu graficznego<\/h2>\t\t\t\t<\/div>\n\t\t\t\t<\/div>\n\t\t\t\t\t<\/div>\n\t\t\t\t<\/div>\n\t\t<div class=\"elementor-element elementor-element-71a42a1 e-flex e-con-boxed e-con e-parent\" data-id=\"71a42a1\" data-element_type=\"container\">\n\t\t\t\t\t<div class=\"e-con-inner\">\n\t\t\t\t<div class=\"elementor-element elementor-element-e55ad43 elementor-widget elementor-widget-text-editor\" data-id=\"e55ad43\" data-element_type=\"widget\" data-widget_type=\"text-editor.default\">\n\t\t\t\t<div class=\"elementor-widget-container\">\n\t\t\t\t\t\t\t\t\t<h3 data-start=\"284\" data-end=\"317\">1. <strong data-start=\"291\" data-end=\"317\">Brief oraz konsultacja<\/strong><\/h3>\n<ul data-start=\"318\" data-end=\"518\">\n<li data-start=\"318\" data-end=\"395\">\n<p data-start=\"320\" data-end=\"395\">Wywiad z klientem: cele projektu, grupa odbiorc\u00f3w, formaty graficzne, styl.<\/p>\n<\/li>\n<li data-start=\"396\" data-end=\"471\">\n<p data-start=\"398\" data-end=\"471\">Zebranie wymaga\u0144 technicznych: wymiary, wersje (druk \/ online), branding.<\/p>\n<\/li>\n<li data-start=\"472\" data-end=\"518\">\n<p data-start=\"474\" data-end=\"518\">Okre\u015blenie zakresu prac, termin\u00f3w i bud\u017cetu.<\/p><\/li><\/ul>\n<hr data-start=\"732\" data-end=\"735\">\n<h3 data-start=\"737\" data-end=\"785\">2. <strong data-start=\"744\" data-end=\"785\">Wst\u0119pne szkice i koncepcje<\/strong><\/h3>\n<ul data-start=\"786\" data-end=\"921\">\n<li data-start=\"786\" data-end=\"836\">\n<p data-start=\"788\" data-end=\"836\">Szybkie szkice lub mini projekty (thumbnailing).<\/p>\n<\/li>\n<li data-start=\"837\" data-end=\"876\">\n<p data-start=\"839\" data-end=\"876\">Kilka wariant\u00f3w layoutu i stylistyki.<\/p>\n<\/li>\n<li data-start=\"877\" data-end=\"921\">\n<p data-start=\"879\" data-end=\"921\">Pierwsze propozycje bez ostatecznej formy.<\/p><\/li><\/ul>\n<hr data-start=\"1138\" data-end=\"1141\">\n<h3 data-start=\"1143\" data-end=\"1191\">3.&nbsp;<strong data-start=\"1150\" data-end=\"1191\">Rozw\u00f3j koncepcji<\/strong><\/h3>\n<ul data-start=\"1192\" data-end=\"1363\">\n<li data-start=\"1192\" data-end=\"1261\">\n<p data-start=\"1194\" data-end=\"1261\">Doprecyzowanie projektu: dob\u00f3r kolorystyki, font\u00f3w, styl element\u00f3w.<\/p>\n<\/li>\n<li data-start=\"1262\" data-end=\"1299\">\n<p data-start=\"1264\" data-end=\"1299\">Test r\u00f3\u017cnych wariant\u00f3w graficznych.<\/p>\n<\/li>\n<li data-start=\"1300\" data-end=\"1363\">\n<p data-start=\"1302\" data-end=\"1363\">Wersjonowanie projektu (r\u00f3\u017cne wersje layout\u00f3w, kolor\u00f3w etc.).<\/p>\n<\/li>\n<\/ul>\n<hr data-start=\"1365\" data-end=\"1368\">\n<h3 data-start=\"1370\" data-end=\"1408\">4. <strong data-start=\"1377\" data-end=\"1408\">Prezentacja<\/strong><\/h3>\n<ul data-start=\"1409\" data-end=\"1583\">\n<li data-start=\"1409\" data-end=\"1456\">\n<p data-start=\"1411\" data-end=\"1456\">Przekazanie projektu klientowi do akceptacji.<\/p>\n<\/li>\n<li data-start=\"1457\" data-end=\"1504\">\n<p data-start=\"1459\" data-end=\"1504\">Feedback strukturalny (komentarze, poprawki).<\/p>\n<\/li>\n<li data-start=\"1505\" data-end=\"1583\">\n<p data-start=\"1507\" data-end=\"1583\">Ewentualne wskaz\u00f3wki wynikaj\u0105ce z test\u00f3w u\u017cytkownik\u00f3w lub realnych sytuacji.<\/p>\n<\/li>\n<\/ul>\n<hr data-start=\"1585\" data-end=\"1588\">\n<h3 data-start=\"1590\" data-end=\"1620\">4. <strong data-start=\"1597\" data-end=\"1620\">Iteracje i poprawki<\/strong><\/h3>\n<ul data-start=\"1621\" data-end=\"1801\">\n<li data-start=\"1621\" data-end=\"1667\">\n<p data-start=\"1623\" data-end=\"1667\">Wprowadzenie poprawek zgodnie z feedbackiem.<\/p>\n<\/li>\n<li data-start=\"1668\" data-end=\"1745\">\n<p data-start=\"1670\" data-end=\"1745\">Szybkie uzupe\u0142nianie wersji konceptu, a\u017c klient zaakceptuje finalny wygl\u0105d.<\/p>\n<\/li>\n<li data-start=\"1746\" data-end=\"1801\">\n<p data-start=\"1748\" data-end=\"1801\">Powtarzanie cyklu: precyzowanie detali i finalizacja.<\/p>\n<\/li>\n<\/ul>\n<hr data-start=\"1803\" data-end=\"1806\">\n<h3 data-start=\"1808\" data-end=\"1837\">5. <strong data-start=\"1815\" data-end=\"1837\">Akceptacja ko\u0144cowa<\/strong><\/h3>\n<ul data-start=\"1838\" data-end=\"1992\">\n<li data-start=\"1838\" data-end=\"1888\">\n<p data-start=\"1840\" data-end=\"1888\">Finalna wersja projektu przedstawiona klientowi.<\/p>\n<\/li>\n<li data-start=\"1889\" data-end=\"1926\">\n<p data-start=\"1891\" data-end=\"1926\">Zatwierdzenie do produkcji \/ druku.<\/p>\n<\/li>\n<li data-start=\"1927\" data-end=\"1992\">\n<p data-start=\"1929\" data-end=\"1992\">Przygotowanie plik\u00f3w w formatach ko\u0144cowych (np. PDF, PNG, AI, JPG, SVG).<\/p><\/li><\/ul>\n<hr data-start=\"2704\" data-end=\"2707\">\n<h3 data-start=\"2709\" data-end=\"2743\">6. <strong data-start=\"2717\" data-end=\"2743\">Retrospektywa i rozw\u00f3j<\/strong><\/h3>\n<ul data-start=\"2744\" data-end=\"2942\">\n<li data-start=\"2744\" data-end=\"2800\">\n<p data-start=\"2746\" data-end=\"2800\">Ustalenie wniosk\u00f3w \u2013 co z dzia\u0142a\u0142o, co mo\u017cna poprawi\u0107.<\/p>\n<\/li>\n<li data-start=\"2801\" data-end=\"2888\">\n<p data-start=\"2803\" data-end=\"2888\">Mo\u017cliwo\u015b\u0107 kontraktu wsparcia graficznego: social media, materia\u0142y drukowane, reklamy.<\/p>\n<\/li>\n<li data-start=\"2889\" data-end=\"2942\">\n<p data-start=\"2891\" data-end=\"2942\">Budowanie relacji i realizacja kolejnych projekt\u00f3w.<\/p>\n<\/li>\n<\/ul>\t\t\t\t\t\t\t\t<\/div>\n\t\t\t\t<\/div>\n\t\t\t\t\t<\/div>\n\t\t\t\t<\/div>\n\t\t\t\t<\/div>\n\t\t","protected":false},"excerpt":{"rendered":"<p>Etapy realizacji projektu graficznego 1. Brief oraz konsultacja Wywiad z klientem: cele projektu, grupa odbiorc\u00f3w, formaty graficzne, styl. Zebranie wymaga\u0144 technicznych: wymiary, wersje (druk \/ online), branding. Okre\u015blenie zakresu prac, termin\u00f3w i bud\u017cetu. 2. Wst\u0119pne szkice i koncepcje Szybkie szkice lub mini projekty (thumbnailing). Kilka wariant\u00f3w layoutu i stylistyki. Pierwsze propozycje bez ostatecznej formy. 3.&nbsp;Rozw\u00f3j&#8230;<\/p>\n","protected":false},"author":1,"featured_media":0,"parent":0,"menu_order":0,"comment_status":"closed","ping_status":"closed","template":"","meta":{"_kadence_starter_templates_imported_post":false,"_kad_post_transparent":"","_kad_post_title":"hide","_kad_post_layout":"fullwidth","_kad_post_sidebar_id":"","_kad_post_content_style":"unboxed","_kad_post_vertical_padding":"hide","_kad_post_feature":"hide","_kad_post_feature_position":"","_kad_post_header":false,"_kad_post_footer":false,"footnotes":""},"class_list":["post-2365","page","type-page","status-publish","hentry"],"_links":{"self":[{"href":"https:\/\/demline.com.pl\/index.php?rest_route=\/wp\/v2\/pages\/2365","targetHints":{"allow":["GET"]}}],"collection":[{"href":"https:\/\/demline.com.pl\/index.php?rest_route=\/wp\/v2\/pages"}],"about":[{"href":"https:\/\/demline.com.pl\/index.php?rest_route=\/wp\/v2\/types\/page"}],"author":[{"embeddable":true,"href":"https:\/\/demline.com.pl\/index.php?rest_route=\/wp\/v2\/users\/1"}],"replies":[{"embeddable":true,"href":"https:\/\/demline.com.pl\/index.php?rest_route=%2Fwp%2Fv2%2Fcomments&post=2365"}],"version-history":[{"count":49,"href":"https:\/\/demline.com.pl\/index.php?rest_route=\/wp\/v2\/pages\/2365\/revisions"}],"predecessor-version":[{"id":2950,"href":"https:\/\/demline.com.pl\/index.php?rest_route=\/wp\/v2\/pages\/2365\/revisions\/2950"}],"wp:attachment":[{"href":"https:\/\/demline.com.pl\/index.php?rest_route=%2Fwp%2Fv2%2Fmedia&parent=2365"}],"curies":[{"name":"wp","href":"https:\/\/api.w.org\/{rel}","templated":true}]}}